{"id":262,"date":"2010-01-04T12:08:01","date_gmt":"2010-01-04T11:08:01","guid":{"rendered":"http:\/\/jgomez.webs.upv.es\/?page_id=262"},"modified":"2024-08-12T19:14:33","modified_gmt":"2024-08-12T18:14:33","slug":"tesis","status":"publish","type":"page","link":"https:\/\/jgomez.webs.upv.es\/?page_id=262","title":{"rendered":"Tesis"},"content":{"rendered":"<p><a href=\"#doctorales\">Tesis doctorales<\/a><br \/>\n<a href=\"#master\">Tesinas de master<\/a><\/p>\n<hr \/>\n<p><a name=\"doctorales\"><\/a><br \/>\n<span style=\"text-decoration: underline;\">La tesis de Jaime<\/span><\/p>\n<p><strong>Jaime G\u00f3mez-Hern\u00e1ndez, <\/strong><a href=\"https:\/\/jgomez.webs.upv.es\/wordpress\/wp-content\/uploads\/2010\/01\/TesisJJGH.pdf\">A Stochastic Approach to the Simulation of Block Conductivity Fields Conditioned to Data Measured at a Smaller Scale<\/a><strong><a href=\"https:\/\/jgomez.webs.upv.es\/wordpress\/wp-content\/uploads\/2010\/01\/TesisJJGH.pdf\">,<\/a><\/strong> Stanford University, 1990.<\/p>\n<p><span style=\"text-decoration: underline;\">Tesis doctorales dirigidas por Jaime<\/span><\/p>\n<p><strong>Daniele Secci, <\/strong><a href=\"https:\/\/jgomez.webs.upv.es\/wordpress\/wp-content\/uploads\/2024\/08\/Secci_PhD_thesis.pdf\">Surrogate models, physics-informed neural networks and climate change<\/a>, Universitat Polit\u00e8cnica de Val\u00e8ncia\/Universit\u00e0 di Parma, 2024.<\/p>\n<p><strong>Valeria Todaro<\/strong>, <a href=\"https:\/\/jgomez.webs.upv.es\/wordpress\/wp-content\/uploads\/2021\/04\/Thesis_Todaro_UPV.pdf\">Advanced techniques for solving groundwater and surface water problems in the context of inverse methods and climate change<\/a>, Universitat Polit\u00e8cnica de Val\u00e8nica\/Universit\u00e0 di Parma, 2021.<\/p>\n<p><strong>Zi Chen,<\/strong> <a href=\"https:\/\/jgomez.webs.upv.es\/wordpress\/wp-content\/uploads\/2021\/01\/Phd_Thesis_ZI-CHEN-revision.pdf\">Stochastic Identification of Pollutant Sources in Aquifers by the Ensemble Kalman Filter<\/a>, Universitat Polit\u00e8cnica de Val\u00e8ncia, 2020.<\/p>\n<p><strong>Vanessa Almeida de Godoy,\u00a0<\/strong><a href=\"https:\/\/jgomez.webs.upv.es\/wordpress\/wp-content\/uploads\/2018\/05\/ALMEIDA-Upscaling-of-water-flow-and-mass-transport-in-a-tropical-soil_-numerical-laboratory-an....pdf\">Upscaling of Water Flow and Mass Transport in a Tropical Soil: Numerical, Laboratory and Field Studies<\/a>,\u00a0Universitat Polit\u00e8cnica de Val\u00e8ncia, 2018.<\/p>\n<p><strong>Teng Xu,\u00a0<\/strong><a href=\"https:\/\/jgomez.webs.upv.es\/wordpress\/wp-content\/uploads\/2014\/10\/Phd_Thesis_Teng.pdf\" target=\"_blank\" rel=\"noopener noreferrer\">Ensemble Kalman filtering for hydraulic conductivity characterization: parallelization and non-Gaussianity<\/a>, Universitat Polit\u00e8cnica de Val\u00e8ncia, 2014.<\/p>\n<p><strong>Haiyan Zhou, <\/strong><a href=\"https:\/\/jgomez.webs.upv.es\/wordpress\/wp-content\/uploads\/2011\/09\/Zhou_PhD_Thesis.pdf\" target=\"_blank\" rel=\"noopener noreferrer\">Stochastic Inverse Methods to Identify Non-Gaussian Model Parameters in Heterogeneous Aquifers<\/a>, Universidad Polit\u00e9cnica de Valencia, 2011.<\/p>\n<p><strong>Liangping Li, <\/strong><a href=\"..\/wp-content\/uploads\/2011\/09\/Li_PhD_Thesis.pdf\">Upscaling and Inverse Modeling of Groundwater Flow and Mass Transport in Heterogeneous Aquifers<\/a>, Universidad Polit\u00e9cnica de Valencia, 2011.<\/p>\n<p><strong>Ger\u00f3nimo Llerar-Meza, <\/strong><a href=\"https:\/\/jgomez.webs.upv.es\/wordpress\/wp-content\/uploads\/2010\/01\/TesisGero.pdf\">Upscaling Non Reactive Solute Transport<\/a>, Universidad Polit\u00e9cnica de Valencia, 2009.<\/p>\n<p><strong>Jianlin Fu, <\/strong><a href=\"https:\/\/jgomez.webs.upv.es\/wordpress\/wp-content\/uploads\/2010\/01\/myThesis_Fu_20070202.pdf\">A Markov Chain Monte Carlo Method for Inverse Stochastic Modeling and Uncertainty Assessment<\/a>, Universidad Polit\u00e9cnica de Valencia, 2007.<\/p>\n<p><strong>Peter Salamon, <\/strong><a href=\"https:\/\/jgomez.webs.upv.es\/wordpress\/wp-content\/uploads\/2010\/01\/Thesis-Peter-Salamon.pdf\">On modeling contaminant transport in complex porous media using random walk particle tracking<\/a>, Universidad Polit\u00e9cnica de Valencia, 2006.<\/p>\n<p><strong>Carolina Guardiola Albert, <\/strong><a href=\"https:\/\/jgomez.webs.upv.es\/wordpress\/wp-content\/uploads\/2010\/01\/indice-2.pdf\">Inverse modeling of two-phase flow: calibration of relative permeability curves<\/a>, Universidad Polit\u00e9cnica de Valencia, 2004.<\/p>\n<p><strong>Harrie-Jan Hendricks Franssen, <\/strong><a href=\"https:\/\/jgomez.webs.upv.es\/wordpress\/wp-content\/uploads\/2010\/01\/tesisHarrie-completaOptimized.pdf\">Stochastic inverse modeling of groundwater flow and mass transport<\/a>, Universidad Polit\u00e9cnica de Valencia, 2001.<\/p>\n<p><strong>Eduardo F. Cassiraga, <\/strong><a href=\"https:\/\/jgomez.webs.upv.es\/wordpress\/wp-content\/uploads\/2010\/01\/TesisEFC.pdf\">Incorporaci\u00f3n de informaci\u00f3n blanda para la cuantificaci\u00f3n de la incertidumbre: aplicaci\u00f3n a la hidrogeolog\u00eda<\/a>, Universidad Polit\u00e9cnica de Valencia, 1999.<\/p>\n<p><strong>Juan Au\u00f1\u00f3n L\u00f3pez, <\/strong>Modelizaci\u00f3n de superficies derivadas del an\u00e1lisis de procesos naturales. Aplicaci\u00f3n a su representaci\u00f3n gr\u00e1fica, Universidad Polit\u00e9cnica de Valencia, 1997.<\/p>\n<p><strong>Xian-Huan Wen, <\/strong>Stochastic simulation of groundwater flow and mass transport in heterogeneous aquifers, Universidad Polit\u00e9cnica de Valencia, 1996.<\/p>\n<p><strong>Xian-Huan Wen, <\/strong>Geostatistical methods for prediction of mass transport in groundwater, Royal Institute of Technology, 1995.<\/p>\n<hr \/>\n<p><a name=\"master\"><\/a><br \/>\n<span style=\"text-decoration: underline;\">La tesina de master de Jaime<\/span><\/p>\n<p><strong>Jaime G\u00f3mez-Hern\u00e1ndez, <\/strong><a href=\"https:\/\/jgomez.webs.upv.es\/wordpress\/wp-content\/uploads\/2010\/01\/Jaime-master-thesis.pdf\">Dynamic Network Design for Estimation of Groundwater Flow and Mass Transport in a One-Dimensional Aquifer Using the Kalman Filter<\/a>, Stanford University, 1988<\/p>\n<p><span style=\"text-decoration: underline;\">Tesinas de master dirigidas por Jaime<\/span><\/p>\n<p><strong>Daysi Gabriela Fuentes Saez, <\/strong>Modelaci\u00f3n matem\u00e1tica del flujo subterr\u00e1neo en el acu\u00edfero de Riobamba (Ecuador), Universitat Polit\u00e8cnica de Val\u00e8ncia, 2022.<\/p>\n<p><strong>Arnold Jerson Carrasco Jocope,\u00a0<\/strong><a href=\"https:\/\/jgomez.webs.upv.es\/wordpress\/wp-content\/uploads\/2021\/05\/Influencia-de-la-heterogeneidad-de-la-K-TFM-2.pdf\">Influencia de la heterogeneidad espacial de la conductividad hidr\u00e1ulica en modelos de agua subterr\u00e1nea<\/a>, Universitat Polit\u00e8cnica de Valencia, 2021.<\/p>\n<p><strong>Juan Alonso Baldera Santisteban, <\/strong><a href=\"https:\/\/jgomez.webs.upv.es\/wordpress\/wp-content\/uploads\/2020\/09\/TFM-modelo-Ayacucho.pdf\" target=\"_blank\" rel=\"noopener noreferrer\">Modelo matem\u00e1tico del flujo de agua subterr\u00e1nea de la parte alta de la quebrada Huamancute, Ayacucho \u2013 Per\u00fa<\/a>, Universitat Polit\u00e8cnica de Val\u00e8ncia, 2020.<\/p>\n<p><strong>Joaqu\u00edn Rodr\u00edguez P\u00e9rez, <\/strong>Mejoras al Modelo de Flujo de Agua Subterr\u00e1nea de la Plana de Valencia (Espa\u00f1a), Universitat Polit\u00e8cnica de Val\u00e8ncia, 2020.<\/p>\n<p><strong>Janire Uribe Asarta,\u00a0<\/strong><a href=\"https:\/\/jgomez.webs.upv.es\/wordpress\/wp-content\/uploads\/2019\/07\/J.UribeAsarta_TFM.pdf\">Modelaci\u00f3n num\u00e9rica de un experimento de transporte de masa en un tanque de arena de laboratorio<\/a>, Universitat Polit\u00e8cnica de Val\u00e8ncia, 2019.<\/p>\n<p><strong>Irati Fern\u00e1ndez Urizar. <\/strong><a href=\"https:\/\/riunet.upv.es\/bitstream\/handle\/10251\/89508\/FERN%c3%81NDEZ%20-%20Modelaci%c3%b3n%20matem%c3%a1tica%20del%20flujo%20de%20agua%20subterr%c3%a1nea%20del%20acu%c3%adfero%20de%20Requena%20Utiel.%20Es....pdf?sequence=1&amp;isAllowed=y\">Modelaci\u00f3n Matem\u00e1tica del Flujo de Agua Subterr\u00e1nea del Acu\u00edfero de Requena Utiel<\/a>. Estudio del Plan de Explotaci\u00f3n de la Masa de Agua, Universitat Polit\u00e8cnica de Val\u00e8ncia, 2017.<\/p>\n<p><strong>Julio C\u00e9sar Gutierrez Esparza, <\/strong>Evaluaci\u00f3n de la evoluci\u00f3n de niveles piezom\u00e9tricos mediante el uso de filtros de Kalman de conjuntos, Universidad Polit\u00e9cnica de Valencia, 2011.<\/p>\n<p><strong>Haiyan Zhou, <\/strong><a href=\"https:\/\/jgomez.webs.upv.es\/wordpress\/wp-content\/uploads\/2010\/01\/master_thesis.pdf\">Three-Dimensional Hydraulic Conductivity Upscaling in Groundwater Modeling<\/a>, Universidad Polit\u00e9cnica de Valencia, 2009.<\/p>\n<p><strong>Liangping Li, <\/strong><a href=\"https:\/\/jgomez.webs.upv.es\/wordpress\/wp-content\/uploads\/2010\/01\/Liangping_Li_MSThesis_2009.pdf\">Three-Dimensional Groundwater Flow Modeling with Full Tensor Conductivities<\/a>, Universidad Polit\u00e9cnica de Valencia, 2009.<\/p>\n","protected":false},"excerpt":{"rendered":"<p>Tesis doctorales Tesinas de master La tesis de Jaime Jaime G\u00f3mez-Hern\u00e1ndez, A Stochastic Approach to the Simulation of Block Conductivity Fields Conditioned to Data Measured at a Smaller Scale, Stanford University, 1990. Tesis doctorales dirigidas por Jaime Daniele Secci, Surrogate models, physics-informed neural networks and climate change, Universitat Polit\u00e8cnica de Val\u00e8ncia\/Universit\u00e0 di Parma, 2024. Valeria [&hellip;]<\/p>\n","protected":false},"author":1,"featured_media":0,"parent":0,"menu_order":3,"comment_status":"open","ping_status":"closed","template":"","meta":{"_monsterinsights_skip_tracking":false,"_monsterinsights_sitenote_active":false,"_monsterinsights_sitenote_note":"","_monsterinsights_sitenote_category":0,"_uf_show_specific_survey":0,"_uf_disable_surveys":false,"jetpack_post_was_ever_published":false,"footnotes":""},"class_list":["post-262","page","type-page","status-publish","hentry"],"aioseo_notices":[],"jetpack_sharing_enabled":true,"jetpack_shortlink":"https:\/\/wp.me\/Px5lD-4e","_links":{"self":[{"href":"https:\/\/jgomez.webs.upv.es\/index.php?rest_route=\/wp\/v2\/pages\/262","targetHints":{"allow":["GET"]}}],"collection":[{"href":"https:\/\/jgomez.webs.upv.es\/index.php?rest_route=\/wp\/v2\/pages"}],"about":[{"href":"https:\/\/jgomez.webs.upv.es\/index.php?rest_route=\/wp\/v2\/types\/page"}],"author":[{"embeddable":true,"href":"https:\/\/jgomez.webs.upv.es\/index.php?rest_route=\/wp\/v2\/users\/1"}],"replies":[{"embeddable":true,"href":"https:\/\/jgomez.webs.upv.es\/index.php?rest_route=%2Fwp%2Fv2%2Fcomments&post=262"}],"version-history":[{"count":31,"href":"https:\/\/jgomez.webs.upv.es\/index.php?rest_route=\/wp\/v2\/pages\/262\/revisions"}],"predecessor-version":[{"id":2035,"href":"https:\/\/jgomez.webs.upv.es\/index.php?rest_route=\/wp\/v2\/pages\/262\/revisions\/2035"}],"wp:attachment":[{"href":"https:\/\/jgomez.webs.upv.es\/index.php?rest_route=%2Fwp%2Fv2%2Fmedia&parent=262"}],"curies":[{"name":"wp","href":"https:\/\/api.w.org\/{rel}","templated":true}]}}