{"id":2,"date":"2008-11-15T12:00:50","date_gmt":"2008-11-15T11:00:50","guid":{"rendered":"http:\/\/jgomez.webs.upv.es\/wordpress\/?page_id=2"},"modified":"2021-12-29T17:59:46","modified_gmt":"2021-12-29T16:59:46","slug":"acerda-de","status":"publish","type":"page","link":"https:\/\/jgomez.webs.upv.es\/?page_id=2","title":{"rendered":"Acerca de Jaime"},"content":{"rendered":"<p><img loading=\"lazy\" decoding=\"async\" class=\"alignleft size-full wp-image-787\" title=\"sonriendo2010\" src=\"https:\/\/jgomez.webs.upv.es\/wordpress\/wp-content\/uploads\/2008\/11\/sonriendo2010.jpg\" alt=\"\" width=\"182\" height=\"181\" srcset=\"https:\/\/jgomez.webs.upv.es\/wordpress\/wp-content\/uploads\/2008\/11\/sonriendo2010.jpg 182w, https:\/\/jgomez.webs.upv.es\/wordpress\/wp-content\/uploads\/2008\/11\/sonriendo2010-150x150.jpg 150w\" sizes=\"auto, (max-width: 182px) 100vw, 182px\" \/>Jaime es catedr\u00e1tico de Ingenier\u00eda Hidr\u00e1ulica en la Escuela de Ingenieros de Caminos, Canales y Puertos de la Universidad Polit\u00e9cnica de Valencia. Es el responsable del Grupo de Hidrogeolog\u00eda del Instituto de Inenier\u00eda del Agua y del Medio Ambiente y su docencia e investigaci\u00f3n se centran en esa \u00e1rea. Cuando no est\u00e1 investigando o dando clases puedes encontrarlo <a title=\"wikiloc\" href=\"http:\/\/www.wikiloc.com\/wikiloc\/user.do?name=Jaume+Gomez\" target=\"_blank\" rel=\"noopener noreferrer\">caminando por<\/a>\u00a0<a title=\"wikiloc\" href=\"http:\/\/www.wikiloc.com\/wikiloc\/user.do?name=Jaume+Gomez\" target=\"_blank\" rel=\"noopener noreferrer\">las sendas de la Comunidad Valenciana<\/a>, <a href=\"http:\/\/www.geocaching.com\/seek\/nearest.aspx?u=jaumegomez\" target=\"_blank\" rel=\"noopener noreferrer\">buscando tesoros<\/a>, <a title=\"Coro UPV\" href=\"http:\/\/orfeovalencia.org\" target=\"_blank\" rel=\"noopener noreferrer\">cantando con el Orfe\u00f3 Valenci\u00e0<\/a>, <a title=\"Placebus: ciencia o magia\" href=\"http:\/\/placebus.upv.es\" target=\"_blank\" rel=\"noopener noreferrer\">haciendo magia<\/a>, <a href=\"http:\/\/www.facebook.com\/media\/set\/?set=a.429006487017.216438.576032017&amp;type=3&amp;l=ef7d672ee2\" target=\"_blank\" rel=\"noopener noreferrer\">en alg\u00fan coro de \u00f3pera<\/a>,\u00a0<a title=\"CIVAC - Circulo de Ilusionistas de Valencia, Alicante y  Castell\u00f3n\" href=\"http:\/\/www.malditosmagos.com\/videos-mm\/2008\/civac-%C2%A1que-no-pare-la-magia\/\" target=\"_blank\" rel=\"noopener noreferrer\">actuando<\/a>, <a href=\"https:\/\/www.mapmyrun.com\/profile\/4385104\/activity_feed\">corriendo, en el gimnasio<\/a>, o &#8230;<\/p>\n\n\n<p><\/p>\n","protected":false},"excerpt":{"rendered":"<p>Jaime es catedr\u00e1tico de Ingenier\u00eda Hidr\u00e1ulica en la Escuela de Ingenieros de Caminos, Canales y Puertos de la Universidad Polit\u00e9cnica de Valencia. Es el responsable del Grupo de Hidrogeolog\u00eda del Instituto de Inenier\u00eda del Agua y del Medio Ambiente y su docencia e investigaci\u00f3n se centran en esa \u00e1rea. Cuando no est\u00e1 investigando o dando [&hellip;]<\/p>\n","protected":false},"author":1,"featured_media":0,"parent":0,"menu_order":1,"comment_status":"open","ping_status":"closed","template":"","meta":{"_monsterinsights_skip_tracking":false,"_monsterinsights_sitenote_active":false,"_monsterinsights_sitenote_note":"","_monsterinsights_sitenote_category":0,"_uf_show_specific_survey":0,"_uf_disable_surveys":false,"footnotes":""},"class_list":["post-2","page","type-page","status-publish","hentry"],"aioseo_notices":[],"jetpack_sharing_enabled":true,"jetpack_shortlink":"https:\/\/wp.me\/Px5lD-2","_links":{"self":[{"href":"https:\/\/jgomez.webs.upv.es\/index.php?rest_route=\/wp\/v2\/pages\/2","targetHints":{"allow":["GET"]}}],"collection":[{"href":"https:\/\/jgomez.webs.upv.es\/index.php?rest_route=\/wp\/v2\/pages"}],"about":[{"href":"https:\/\/jgomez.webs.upv.es\/index.php?rest_route=\/wp\/v2\/types\/page"}],"author":[{"embeddable":true,"href":"https:\/\/jgomez.webs.upv.es\/index.php?rest_route=\/wp\/v2\/users\/1"}],"replies":[{"embeddable":true,"href":"https:\/\/jgomez.webs.upv.es\/index.php?rest_route=%2Fwp%2Fv2%2Fcomments&post=2"}],"version-history":[{"count":16,"href":"https:\/\/jgomez.webs.upv.es\/index.php?rest_route=\/wp\/v2\/pages\/2\/revisions"}],"predecessor-version":[{"id":1774,"href":"https:\/\/jgomez.webs.upv.es\/index.php?rest_route=\/wp\/v2\/pages\/2\/revisions\/1774"}],"wp:attachment":[{"href":"https:\/\/jgomez.webs.upv.es\/index.php?rest_route=%2Fwp%2Fv2%2Fmedia&parent=2"}],"curies":[{"name":"wp","href":"https:\/\/api.w.org\/{rel}","templated":true}]}}